{"id":3649,"date":"2026-01-22T09:03:36","date_gmt":"2026-01-22T09:03:36","guid":{"rendered":"https:\/\/new.salago.design\/politica-de-privacidad\/"},"modified":"2026-04-16T10:55:20","modified_gmt":"2026-04-16T10:55:20","slug":"politica-de-privacidad","status":"publish","type":"page","link":"https:\/\/salago.design\/es\/politica-de-privacidad\/","title":{"rendered":"Pol\u00edtica de privacidad"},"content":{"rendered":"\t\t<div data-elementor-type=\"wp-page\" data-elementor-id=\"3649\" class=\"elementor elementor-3649 elementor-565\" data-elementor-settings=\"{&quot;ha_cmc_init_switcher&quot;:&quot;no&quot;}\" data-elementor-post-type=\"page\">\n\t\t\t\t<div class=\"elementor-element elementor-element-603a8b06 e-con-full e-flex e-con e-parent\" data-id=\"603a8b06\" data-element_type=\"container\" data-e-type=\"container\" data-settings=\"{&quot;background_background&quot;:&quot;classic&quot;,&quot;_ha_eqh_enable&quot;:false}\">\n\t\t<div class=\"elementor-element elementor-element-3c8606d8 e-flex e-con-boxed e-con e-child\" data-id=\"3c8606d8\" data-element_type=\"container\" data-e-type=\"container\" data-settings=\"{&quot;_ha_eqh_enable&quot;:false}\">\n\t\t\t\t\t<div class=\"e-con-inner\">\n\t\t\t\t<div class=\"elementor-element elementor-element-2b9757ea elementor-widget__width-initial elementor-widget elementor-widget-heading\" data-id=\"2b9757ea\" data-element_type=\"widget\" data-e-type=\"widget\" data-widget_type=\"heading.default\">\n\t\t\t\t\t<h1 class=\"elementor-heading-title elementor-size-default\">POL\u00cdTICA DE\nPRIVACIDAD<\/h1>\t\t\t\t<\/div>\n\t\t\t\t\t<\/div>\n\t\t\t\t<\/div>\n\t\t\t\t<\/div>\n\t\t<div class=\"elementor-element elementor-element-554873e7 e-con-full e-flex e-con e-parent\" data-id=\"554873e7\" data-element_type=\"container\" data-e-type=\"container\" data-settings=\"{&quot;_ha_eqh_enable&quot;:false}\">\n\t\t\t\t<div class=\"elementor-element elementor-element-2b9d10d8 elementor-widget-divider--view-line elementor-widget elementor-widget-divider\" data-id=\"2b9d10d8\" data-element_type=\"widget\" data-e-type=\"widget\" data-widget_type=\"divider.default\">\n\t\t\t\t\t\t\t<div class=\"elementor-divider\">\n\t\t\t<span class=\"elementor-divider-separator\">\n\t\t\t\t\t\t<\/span>\n\t\t<\/div>\n\t\t\t\t\t\t<\/div>\n\t\t<div class=\"elementor-element elementor-element-3a20aa10 e-con-full e-flex e-con e-child\" data-id=\"3a20aa10\" data-element_type=\"container\" data-e-type=\"container\" data-settings=\"{&quot;_ha_eqh_enable&quot;:false}\">\n\t\t<div class=\"elementor-element elementor-element-2ca5fc4e e-con-full e-flex e-con e-child\" data-id=\"2ca5fc4e\" data-element_type=\"container\" data-e-type=\"container\" data-settings=\"{&quot;sticky&quot;:&quot;top&quot;,&quot;sticky_parent&quot;:&quot;yes&quot;,&quot;sticky_offset&quot;:120,&quot;sticky_on&quot;:[&quot;desktop&quot;,&quot;tablet&quot;],&quot;_ha_eqh_enable&quot;:false,&quot;sticky_effects_offset&quot;:0,&quot;sticky_anchor_link_offset&quot;:0}\">\n\t\t\t\t<div class=\"elementor-element elementor-element-358c1f1c elementor-widget elementor-widget-heading\" data-id=\"358c1f1c\" data-element_type=\"widget\" data-e-type=\"widget\" data-widget_type=\"heading.default\">\n\t\t\t\t\t<h2 class=\"elementor-heading-title elementor-size-default\">01&nbsp;&nbsp;&nbsp;&nbsp;&nbsp; Pol\u00edtica de privacidad<\/h2>\t\t\t\t<\/div>\n\t\t\t\t<\/div>\n\t\t<div class=\"elementor-element elementor-element-58a98aa e-con-full e-flex e-con e-child\" data-id=\"58a98aa\" data-element_type=\"container\" data-e-type=\"container\" data-settings=\"{&quot;_ha_eqh_enable&quot;:false}\">\n\t\t\t\t<div class=\"elementor-element elementor-element-55e2aef6 elementor-widget__width-initial elementor-widget elementor-widget-text-editor\" data-id=\"55e2aef6\" data-element_type=\"widget\" data-e-type=\"widget\" data-widget_type=\"text-editor.default\">\n\t\t\t\t\t\t\t\t\t<h2 class=\"subtitle-legal-2\"><strong>\u00bfQUI\u00c9N SE ENCARGA DE TUS DATOS?<\/strong><\/h2><div class=\"text-block-12\">Los datos procesados \u200b\u200ben este formulario ser\u00e1n tratados por la empresa STRATEGIC DESIGN PARTNERS, S.L. con CIF B26819540 y domicilio en Calle Copenhague, n\u00ba59, Esc. 11, 2\u00baB, 28922, Alcorc\u00f3n como Responsable del Tratamiento.<\/div><h2> <\/h2><h2 class=\"subtitle-legal-2\"><strong>\u00bfPOR QU\u00c9 NECESITAMOS TUS DATOS?<\/strong><\/h2><div class=\"text-block-12\">Queremos informarles que la finalidad de los datos recogidos es la gesti\u00f3n de los usuarios del sitio web, as\u00ed como la gesti\u00f3n de la comunicaci\u00f3n electr\u00f3nica. <strong>En SALAGO no compartimos sus datos con terceros.<\/strong><\/div><h2> <\/h2><h2 class=\"subtitle-legal-2\"><strong>\u00bfC\u00d3MO OBTENEMOS TUS DATOS?<\/strong><\/h2><div class=\"text-block-12\">Los datos personales que nos facilite se conservar\u00e1n mientras se mantenga la relaci\u00f3n comercial vigente. De este modo, incluso si la relaci\u00f3n entre las partes finaliza, STRATEGIC DESIGN PARTNERS, S.L. seguir\u00e1 conservando su informaci\u00f3n para el env\u00edo de boletines informativos sobre nuestros productos y servicios. Siempre podr\u00e1 ejercer sus derechos conforme a la normativa vigente poni\u00e9ndose en contacto con nosotros por el medio que le resulte m\u00e1s conveniente.  <\/div><h2> <\/h2><h2 class=\"subtitle-legal-2\"><strong>\u00bfCU\u00c1NTO TIEMPO GUARDAREMOS TUS DATOS?<\/strong><\/h2><div class=\"text-block-12\"><p>Tus datos se almacenar\u00e1n de forma segura durante el tiempo que dure nuestra relaci\u00f3n comercial o mientras nos hayas dado tu consentimiento para seguir envi\u00e1ndote informaci\u00f3n. <br> <\/p><p>Si nuestra relaci\u00f3n finaliza, eliminaremos tus datos en el plazo que establece la ley. Tienes derecho a solicitar que se eliminen tus datos en cualquier momento. <\/p><\/div><h2 class=\"subtitle-legal-2\"><strong>\u00bfCU\u00c1L ES LA BASE LEGAL PARA UTILIZAR TUS DATOS?<\/strong><\/h2><div class=\"text-block-12\"><p>Puede ejercer cualquiera de los siguientes derechos poni\u00e9ndose en contacto con nosotros en la direcci\u00f3n postal Calle Copenhague, n\u00ba59, Esc. 11, 2\u00baB, 28922, Alcorc\u00f3n o en la direcci\u00f3n de correo electr\u00f3nico indicada en la cabecera (admin@salago.design).  En cualquier caso, seg\u00fan la normativa vigente, se reconocen los siguientes:<\/p><p>Usted nos autoriza a utilizar sus datos cuando nos da su permiso marcando la casilla o cuando es esencial para brindarle nuestros servicios correctamente.<\/p><\/div><h2 class=\"subtitle-legal-2\"><strong>\u00bfQU\u00c9 PUEDES HACER CON TUS DATOS?<\/strong><\/h2><div class=\"text-block-12\">Sus datos no ser\u00e1n revelados a terceros. Asimismo, le informamos que sus datos no ser\u00e1n transferidos internacionalmente a ning\u00fan tercer pa\u00eds. <a href=\"mailto:admin@salago.design\">admin@salago.design<\/a> o escr\u00edbenos a SALAGO, Calle Copenhague, n\u00ba59, Esc. 11, 2\u00baB, 28922, Alcorc\u00f3n. <\/div><h2> <\/h2><h2 class=\"subtitle-legal-2\"><strong>CONTROL<\/strong><\/h2><div class=\"text-block-12\">Los datos personales utilizados por STRATEGIC DESIGN PARTNERS, S.L. proceden del interesado. <a href=\"http:\/\/www.agpd.es\/\" target=\"_blank\" rel=\"noopener\">http:\/\/www.agpd.es\/<\/a>.<\/div>\t\t\t\t\t\t\t\t<\/div>\n\t\t\t\t<div class=\"elementor-element elementor-element-49b7a0ee elementor-widget elementor-widget-spacer\" data-id=\"49b7a0ee\" data-element_type=\"widget\" data-e-type=\"widget\" data-widget_type=\"spacer.default\">\n\t\t\t\t\t\t\t<div class=\"elementor-spacer\">\n\t\t\t<div class=\"elementor-spacer-inner\"><\/div>\n\t\t<\/div>\n\t\t\t\t\t\t<\/div>\n\t\t\t\t<\/div>\n\t\t\t\t<\/div>\n\t\t\t\t<\/div>\n\t\t\t\t<\/div>\n\t\t","protected":false},"excerpt":{"rendered":"<p>POL\u00cdTICA DE PRIVACIDAD 01&nbsp;&nbsp;&nbsp;&nbsp;&nbsp; Pol\u00edtica de privacidad \u00bfQUI\u00c9N SE ENCARGA DE TUS DATOS? Los datos procesados \u200b\u200ben este formulario ser\u00e1n [&hellip;]<\/p>\n","protected":false},"author":1,"featured_media":0,"parent":0,"menu_order":0,"comment_status":"closed","ping_status":"closed","template":"","meta":{"site-sidebar-layout":"no-sidebar","site-content-layout":"","ast-site-content-layout":"full-width-container","site-content-style":"default","site-sidebar-style":"default","ast-global-header-display":"","ast-banner-title-visibility":"","ast-main-header-display":"","ast-hfb-above-header-display":"","ast-hfb-below-header-display":"","ast-hfb-mobile-header-display":"","site-post-title":"disabled","ast-breadcrumbs-content":"","ast-featured-img":"disabled","footer-sml-layout":"","ast-disable-related-posts":"","theme-transparent-header-meta":"","adv-header-id-meta":"","stick-header-meta":"","header-above-stick-meta":"","header-main-stick-meta":"","header-below-stick-meta":"","astra-migrate-meta-layouts":"default","ast-page-background-enabled":"default","ast-page-background-meta":{"desktop":{"background-color":"var(--ast-global-color-5)","background-image":"","background-repeat":"repeat","background-position":"center center","background-size":"auto","background-attachment":"scroll","background-type":"","background-media":"","overlay-type":"","overlay-color":"","overlay-opacity":"","overlay-gradient":""},"tablet":{"background-color":"","background-image":"","background-repeat":"repeat","background-position":"center center","background-size":"auto","background-attachment":"scroll","background-type":"","background-media":"","overlay-type":"","overlay-color":"","overlay-opacity":"","overlay-gradient":""},"mobile":{"background-color":"","background-image":"","background-repeat":"repeat","background-position":"center center","background-size":"auto","background-attachment":"scroll","background-type":"","background-media":"","overlay-type":"","overlay-color":"","overlay-opacity":"","overlay-gradient":""}},"ast-content-background-meta":{"desktop":{"background-color":"var(--ast-global-color-4)","background-image":"","background-repeat":"repeat","background-position":"center center","background-size":"auto","background-attachment":"scroll","background-type":"","background-media":"","overlay-type":"","overlay-color":"","overlay-opacity":"","overlay-gradient":""},"tablet":{"background-color":"var(--ast-global-color-4)","background-image":"","background-repeat":"repeat","background-position":"center center","background-size":"auto","background-attachment":"scroll","background-type":"","background-media":"","overlay-type":"","overlay-color":"","overlay-opacity":"","overlay-gradient":""},"mobile":{"background-color":"var(--ast-global-color-4)","background-image":"","background-repeat":"repeat","background-position":"center center","background-size":"auto","background-attachment":"scroll","background-type":"","background-media":"","overlay-type":"","overlay-color":"","overlay-opacity":"","overlay-gradient":""}},"footnotes":""},"class_list":["post-3649","page","type-page","status-publish","hentry"],"yoast_head":"<!-- This site is optimized with the Yoast SEO plugin v27.3 - https:\/\/yoast.com\/product\/yoast-seo-wordpress\/ -->\n<title>Pol\u00edtica de privacidad - Salago Creative<\/title>\n<meta name=\"robots\" content=\"noindex, follow\" \/>\n<meta property=\"og:locale\" content=\"es_ES\" \/>\n<meta property=\"og:type\" content=\"article\" \/>\n<meta property=\"og:title\" content=\"Pol\u00edtica de privacidad - Salago Creative\" \/>\n<meta property=\"og:description\" content=\"POL\u00cdTICA DE PRIVACIDAD 01&nbsp;&nbsp;&nbsp;&nbsp;&nbsp; Pol\u00edtica de privacidad \u00bfQUI\u00c9N SE ENCARGA DE TUS DATOS? Los datos procesados \u200b\u200ben este formulario ser\u00e1n [&hellip;]\" \/>\n<meta property=\"og:url\" content=\"https:\/\/salago.design\/es\/politica-de-privacidad\/\" \/>\n<meta property=\"og:site_name\" content=\"Salago Creative\" \/>\n<meta property=\"article:modified_time\" content=\"2026-04-16T10:55:20+00:00\" \/>\n<meta name=\"twitter:card\" content=\"summary_large_image\" \/>\n<meta name=\"twitter:label1\" content=\"Tiempo de lectura\" \/>\n\t<meta name=\"twitter:data1\" content=\"2 minutos\" \/>\n<script type=\"application\/ld+json\" class=\"yoast-schema-graph\">{\"@context\":\"https:\\\/\\\/schema.org\",\"@graph\":[{\"@type\":\"WebPage\",\"@id\":\"https:\\\/\\\/salago.design\\\/es\\\/politica-de-privacidad\\\/\",\"url\":\"https:\\\/\\\/salago.design\\\/es\\\/politica-de-privacidad\\\/\",\"name\":\"Pol\u00edtica de privacidad - Salago Creative\",\"isPartOf\":{\"@id\":\"https:\\\/\\\/salago.design\\\/es\\\/#website\"},\"datePublished\":\"2026-01-22T09:03:36+00:00\",\"dateModified\":\"2026-04-16T10:55:20+00:00\",\"breadcrumb\":{\"@id\":\"https:\\\/\\\/salago.design\\\/es\\\/politica-de-privacidad\\\/#breadcrumb\"},\"inLanguage\":\"es\",\"potentialAction\":[{\"@type\":\"ReadAction\",\"target\":[\"https:\\\/\\\/salago.design\\\/es\\\/politica-de-privacidad\\\/\"]}]},{\"@type\":\"BreadcrumbList\",\"@id\":\"https:\\\/\\\/salago.design\\\/es\\\/politica-de-privacidad\\\/#breadcrumb\",\"itemListElement\":[{\"@type\":\"ListItem\",\"position\":1,\"name\":\"Portada\",\"item\":\"https:\\\/\\\/salago.design\\\/es\\\/\"},{\"@type\":\"ListItem\",\"position\":2,\"name\":\"Pol\u00edtica de privacidad\"}]},{\"@type\":\"WebSite\",\"@id\":\"https:\\\/\\\/salago.design\\\/es\\\/#website\",\"url\":\"https:\\\/\\\/salago.design\\\/es\\\/\",\"name\":\"Salago Creative\",\"description\":\"\",\"publisher\":{\"@id\":\"https:\\\/\\\/salago.design\\\/es\\\/#organization\"},\"potentialAction\":[{\"@type\":\"SearchAction\",\"target\":{\"@type\":\"EntryPoint\",\"urlTemplate\":\"https:\\\/\\\/salago.design\\\/es\\\/?s={search_term_string}\"},\"query-input\":{\"@type\":\"PropertyValueSpecification\",\"valueRequired\":true,\"valueName\":\"search_term_string\"}}],\"inLanguage\":\"es\"},{\"@type\":\"Organization\",\"@id\":\"https:\\\/\\\/salago.design\\\/es\\\/#organization\",\"name\":\"Salago Creative\",\"url\":\"https:\\\/\\\/salago.design\\\/es\\\/\",\"logo\":{\"@type\":\"ImageObject\",\"inLanguage\":\"es\",\"@id\":\"https:\\\/\\\/salago.design\\\/es\\\/#\\\/schema\\\/logo\\\/image\\\/\",\"url\":\"https:\\\/\\\/salago.design\\\/wp-content\\\/uploads\\\/2026\\\/03\\\/salago.png\",\"contentUrl\":\"https:\\\/\\\/salago.design\\\/wp-content\\\/uploads\\\/2026\\\/03\\\/salago.png\",\"width\":1164,\"height\":460,\"caption\":\"Salago Creative\"},\"image\":{\"@id\":\"https:\\\/\\\/salago.design\\\/es\\\/#\\\/schema\\\/logo\\\/image\\\/\"},\"sameAs\":[\"https:\\\/\\\/www.instagram.com\\\/salago.design\",\"https:\\\/\\\/www.linkedin.com\\\/company\\\/salago-design\"]}]}<\/script>\n<!-- \/ Yoast SEO plugin. -->","yoast_head_json":{"title":"Pol\u00edtica de privacidad - Salago Creative","robots":{"index":"noindex","follow":"follow"},"og_locale":"es_ES","og_type":"article","og_title":"Pol\u00edtica de privacidad - Salago Creative","og_description":"POL\u00cdTICA DE PRIVACIDAD 01&nbsp;&nbsp;&nbsp;&nbsp;&nbsp; Pol\u00edtica de privacidad \u00bfQUI\u00c9N SE ENCARGA DE TUS DATOS? Los datos procesados \u200b\u200ben este formulario ser\u00e1n [&hellip;]","og_url":"https:\/\/salago.design\/es\/politica-de-privacidad\/","og_site_name":"Salago Creative","article_modified_time":"2026-04-16T10:55:20+00:00","twitter_card":"summary_large_image","twitter_misc":{"Tiempo de lectura":"2 minutos"},"schema":{"@context":"https:\/\/schema.org","@graph":[{"@type":"WebPage","@id":"https:\/\/salago.design\/es\/politica-de-privacidad\/","url":"https:\/\/salago.design\/es\/politica-de-privacidad\/","name":"Pol\u00edtica de privacidad - Salago Creative","isPartOf":{"@id":"https:\/\/salago.design\/es\/#website"},"datePublished":"2026-01-22T09:03:36+00:00","dateModified":"2026-04-16T10:55:20+00:00","breadcrumb":{"@id":"https:\/\/salago.design\/es\/politica-de-privacidad\/#breadcrumb"},"inLanguage":"es","potentialAction":[{"@type":"ReadAction","target":["https:\/\/salago.design\/es\/politica-de-privacidad\/"]}]},{"@type":"BreadcrumbList","@id":"https:\/\/salago.design\/es\/politica-de-privacidad\/#breadcrumb","itemListElement":[{"@type":"ListItem","position":1,"name":"Portada","item":"https:\/\/salago.design\/es\/"},{"@type":"ListItem","position":2,"name":"Pol\u00edtica de privacidad"}]},{"@type":"WebSite","@id":"https:\/\/salago.design\/es\/#website","url":"https:\/\/salago.design\/es\/","name":"Salago Creative","description":"","publisher":{"@id":"https:\/\/salago.design\/es\/#organization"},"potentialAction":[{"@type":"SearchAction","target":{"@type":"EntryPoint","urlTemplate":"https:\/\/salago.design\/es\/?s={search_term_string}"},"query-input":{"@type":"PropertyValueSpecification","valueRequired":true,"valueName":"search_term_string"}}],"inLanguage":"es"},{"@type":"Organization","@id":"https:\/\/salago.design\/es\/#organization","name":"Salago Creative","url":"https:\/\/salago.design\/es\/","logo":{"@type":"ImageObject","inLanguage":"es","@id":"https:\/\/salago.design\/es\/#\/schema\/logo\/image\/","url":"https:\/\/salago.design\/wp-content\/uploads\/2026\/03\/salago.png","contentUrl":"https:\/\/salago.design\/wp-content\/uploads\/2026\/03\/salago.png","width":1164,"height":460,"caption":"Salago Creative"},"image":{"@id":"https:\/\/salago.design\/es\/#\/schema\/logo\/image\/"},"sameAs":["https:\/\/www.instagram.com\/salago.design","https:\/\/www.linkedin.com\/company\/salago-design"]}]}},"_links":{"self":[{"href":"https:\/\/salago.design\/es\/wp-json\/wp\/v2\/pages\/3649","targetHints":{"allow":["GET"]}}],"collection":[{"href":"https:\/\/salago.design\/es\/wp-json\/wp\/v2\/pages"}],"about":[{"href":"https:\/\/salago.design\/es\/wp-json\/wp\/v2\/types\/page"}],"author":[{"embeddable":true,"href":"https:\/\/salago.design\/es\/wp-json\/wp\/v2\/users\/1"}],"replies":[{"embeddable":true,"href":"https:\/\/salago.design\/es\/wp-json\/wp\/v2\/comments?post=3649"}],"version-history":[{"count":3,"href":"https:\/\/salago.design\/es\/wp-json\/wp\/v2\/pages\/3649\/revisions"}],"predecessor-version":[{"id":5395,"href":"https:\/\/salago.design\/es\/wp-json\/wp\/v2\/pages\/3649\/revisions\/5395"}],"wp:attachment":[{"href":"https:\/\/salago.design\/es\/wp-json\/wp\/v2\/media?parent=3649"}],"curies":[{"name":"wp","href":"https:\/\/api.w.org\/{rel}","templated":true}]}}