{"id":3642,"date":"2026-01-22T09:03:52","date_gmt":"2026-01-22T09:03:52","guid":{"rendered":"https:\/\/new.salago.design\/politica-de-cookies\/"},"modified":"2026-03-31T08:18:08","modified_gmt":"2026-03-31T08:18:08","slug":"politica-de-cookies","status":"publish","type":"page","link":"https:\/\/salago.design\/es\/politica-de-cookies\/","title":{"rendered":"Pol\u00edtica de cookies"},"content":{"rendered":"\t\t<div data-elementor-type=\"wp-page\" data-elementor-id=\"3642\" class=\"elementor elementor-3642 elementor-566\" data-elementor-settings=\"{&quot;ha_cmc_init_switcher&quot;:&quot;no&quot;}\" data-elementor-post-type=\"page\">\n\t\t\t\t<div class=\"elementor-element elementor-element-759fcb42 e-con-full e-flex e-con e-parent\" data-id=\"759fcb42\" data-element_type=\"container\" data-e-type=\"container\" data-settings=\"{&quot;background_background&quot;:&quot;classic&quot;,&quot;_ha_eqh_enable&quot;:false}\">\n\t\t<div class=\"elementor-element elementor-element-1463f51a e-flex e-con-boxed e-con e-child\" data-id=\"1463f51a\" data-element_type=\"container\" data-e-type=\"container\" data-settings=\"{&quot;_ha_eqh_enable&quot;:false}\">\n\t\t\t\t\t<div class=\"e-con-inner\">\n\t\t\t\t<div class=\"elementor-element elementor-element-2e2e8ef8 elementor-widget__width-initial elementor-widget elementor-widget-heading\" data-id=\"2e2e8ef8\" data-element_type=\"widget\" data-e-type=\"widget\" data-widget_type=\"heading.default\">\n\t\t\t\t\t<h1 class=\"elementor-heading-title elementor-size-default\">AVISO DE COOKIES<\/h1>\t\t\t\t<\/div>\n\t\t\t\t\t<\/div>\n\t\t\t\t<\/div>\n\t\t\t\t<\/div>\n\t\t<div class=\"elementor-element elementor-element-a567721 e-con-full e-flex e-con e-parent\" data-id=\"a567721\" data-element_type=\"container\" data-e-type=\"container\" data-settings=\"{&quot;_ha_eqh_enable&quot;:false}\">\n\t\t\t\t<div class=\"elementor-element elementor-element-72a4e177 elementor-widget-divider--view-line elementor-widget elementor-widget-divider\" data-id=\"72a4e177\" data-element_type=\"widget\" data-e-type=\"widget\" data-widget_type=\"divider.default\">\n\t\t\t\t\t\t\t<div class=\"elementor-divider\">\n\t\t\t<span class=\"elementor-divider-separator\">\n\t\t\t\t\t\t<\/span>\n\t\t<\/div>\n\t\t\t\t\t\t<\/div>\n\t\t<div class=\"elementor-element elementor-element-5fd770f8 e-con-full e-flex e-con e-child\" data-id=\"5fd770f8\" data-element_type=\"container\" data-e-type=\"container\" data-settings=\"{&quot;_ha_eqh_enable&quot;:false}\">\n\t\t<div class=\"elementor-element elementor-element-55b10a79 e-con-full e-flex e-con e-child\" data-id=\"55b10a79\" data-element_type=\"container\" data-e-type=\"container\" data-settings=\"{&quot;sticky&quot;:&quot;top&quot;,&quot;sticky_parent&quot;:&quot;yes&quot;,&quot;sticky_offset&quot;:120,&quot;sticky_on&quot;:[&quot;desktop&quot;,&quot;tablet&quot;],&quot;_ha_eqh_enable&quot;:false,&quot;sticky_effects_offset&quot;:0,&quot;sticky_anchor_link_offset&quot;:0}\">\n\t\t\t\t<div class=\"elementor-element elementor-element-13bac9d8 elementor-widget elementor-widget-heading\" data-id=\"13bac9d8\" data-element_type=\"widget\" data-e-type=\"widget\" data-widget_type=\"heading.default\">\n\t\t\t\t\t<h2 class=\"elementor-heading-title elementor-size-default\">01&nbsp;&nbsp;&nbsp;&nbsp;&nbsp; Aviso de cookies<\/h2>\t\t\t\t<\/div>\n\t\t\t\t<\/div>\n\t\t<div class=\"elementor-element elementor-element-254c8b1d e-con-full e-flex e-con e-child\" data-id=\"254c8b1d\" data-element_type=\"container\" data-e-type=\"container\" data-settings=\"{&quot;_ha_eqh_enable&quot;:false}\">\n\t\t\t\t<div class=\"elementor-element elementor-element-31014362 elementor-widget__width-initial elementor-widget elementor-widget-text-editor\" data-id=\"31014362\" data-element_type=\"widget\" data-e-type=\"widget\" data-widget_type=\"text-editor.default\">\n\t\t\t\t\t\t\t\t\t<div class=\"text-block-12\">Utilizamos cookies (propias y de terceros) para mejorar tu experiencia en nuestra web y analizar nuestro tr\u00e1fico. Adem\u00e1s, compartimos informaci\u00f3n sobre el uso que haces del sitio web con partners de medios sociales y publicidad. <\/div><h2> <\/h2><h2 class=\"subtitle-legal-2\">DEFINICIONES<\/h2><div class=\"text-block-12 space-cookie\">Una cookie es un archivo que se descarga en tu ordenador cuando accedes a determinadas p\u00e1ginas web, smartphone, tableta o dispositivo similar. Las cookies permiten a una p\u00e1gina web, entre otras cosas, almacenar y recuperar informaci\u00f3n sobre los h\u00e1bitos de navegaci\u00f3n de un usuario o de su ordenador y, dependiendo de la informaci\u00f3n que contengan y de la forma en que utilice su equipo, pueden utilizarse para reconocer al usuario. <br><br>Una cookie es un fichero de tama\u00f1o m\u00ednimo, sin informaci\u00f3n personal espec\u00edfica y nunca perjudicial. Las cookies se descargan en tu equipo (ordenador, tablet o smartphone) al acceder a una p\u00e1gina web. Tu navegador memoriza cookies durante la sesi\u00f3n actual y la mayor parte de las mismas se eliminar\u00e1n al finalizar sesi\u00f3n (cookies de sesi\u00f3n).  <\/div><h2> <\/h2><h2 class=\"subtitle-legal-2\"><strong>\u00bfQU\u00c9 COOKIES UTILIZAMOS EN SALAGO?<\/strong><\/h2><div class=\"text-block-12 spacex\">Solo utilizamos cookies de rendimiento para mejorar tu experiencia y optimizar el funcionamiento de la web. Nuestras cookies almacenan la configuraci\u00f3n de algunos servicios para que no tengas que reconfigurarlos cada vez que nos visitas. <\/div>\t\t\t\t\t\t\t\t<\/div>\n\t\t\t\t<div class=\"elementor-element elementor-element-44ac8d8a elementor-widget elementor-widget-spacer\" data-id=\"44ac8d8a\" data-element_type=\"widget\" data-e-type=\"widget\" data-widget_type=\"spacer.default\">\n\t\t\t\t\t\t\t<div class=\"elementor-spacer\">\n\t\t\t<div class=\"elementor-spacer-inner\"><\/div>\n\t\t<\/div>\n\t\t\t\t\t\t<\/div>\n\t\t\t\t<\/div>\n\t\t\t\t<\/div>\n\t\t\t\t<\/div>\n\t\t\t\t<\/div>\n\t\t","protected":false},"excerpt":{"rendered":"<p>AVISO DE COOKIES 01&nbsp;&nbsp;&nbsp;&nbsp;&nbsp; Aviso de cookies Utilizamos cookies (propias y de terceros) para mejorar tu experiencia en nuestra web [&hellip;]<\/p>\n","protected":false},"author":1,"featured_media":0,"parent":0,"menu_order":0,"comment_status":"closed","ping_status":"closed","template":"","meta":{"site-sidebar-layout":"no-sidebar","site-content-layout":"","ast-site-content-layout":"full-width-container","site-content-style":"default","site-sidebar-style":"default","ast-global-header-display":"","ast-banner-title-visibility":"","ast-main-header-display":"","ast-hfb-above-header-display":"","ast-hfb-below-header-display":"","ast-hfb-mobile-header-display":"","site-post-title":"disabled","ast-breadcrumbs-content":"","ast-featured-img":"disabled","footer-sml-layout":"","ast-disable-related-posts":"","theme-transparent-header-meta":"","adv-header-id-meta":"","stick-header-meta":"","header-above-stick-meta":"","header-main-stick-meta":"","header-below-stick-meta":"","astra-migrate-meta-layouts":"default","ast-page-background-enabled":"default","ast-page-background-meta":{"desktop":{"background-color":"var(--ast-global-color-5)","background-image":"","background-repeat":"repeat","background-position":"center center","background-size":"auto","background-attachment":"scroll","background-type":"","background-media":"","overlay-type":"","overlay-color":"","overlay-opacity":"","overlay-gradient":""},"tablet":{"background-color":"","background-image":"","background-repeat":"repeat","background-position":"center center","background-size":"auto","background-attachment":"scroll","background-type":"","background-media":"","overlay-type":"","overlay-color":"","overlay-opacity":"","overlay-gradient":""},"mobile":{"background-color":"","background-image":"","background-repeat":"repeat","background-position":"center center","background-size":"auto","background-attachment":"scroll","background-type":"","background-media":"","overlay-type":"","overlay-color":"","overlay-opacity":"","overlay-gradient":""}},"ast-content-background-meta":{"desktop":{"background-color":"var(--ast-global-color-4)","background-image":"","background-repeat":"repeat","background-position":"center center","background-size":"auto","background-attachment":"scroll","background-type":"","background-media":"","overlay-type":"","overlay-color":"","overlay-opacity":"","overlay-gradient":""},"tablet":{"background-color":"var(--ast-global-color-4)","background-image":"","background-repeat":"repeat","background-position":"center center","background-size":"auto","background-attachment":"scroll","background-type":"","background-media":"","overlay-type":"","overlay-color":"","overlay-opacity":"","overlay-gradient":""},"mobile":{"background-color":"var(--ast-global-color-4)","background-image":"","background-repeat":"repeat","background-position":"center center","background-size":"auto","background-attachment":"scroll","background-type":"","background-media":"","overlay-type":"","overlay-color":"","overlay-opacity":"","overlay-gradient":""}},"footnotes":""},"class_list":["post-3642","page","type-page","status-publish","hentry"],"yoast_head":"<!-- This site is optimized with the Yoast SEO plugin v27.3 - https:\/\/yoast.com\/product\/yoast-seo-wordpress\/ -->\n<title>Pol\u00edtica de cookies - Salago Creative<\/title>\n<meta name=\"robots\" content=\"index, follow, max-snippet:-1, max-image-preview:large, max-video-preview:-1\" \/>\n<link rel=\"canonical\" href=\"https:\/\/salago.design\/es\/politica-de-cookies\/\" \/>\n<meta property=\"og:locale\" content=\"es_ES\" \/>\n<meta property=\"og:type\" content=\"article\" \/>\n<meta property=\"og:title\" content=\"Pol\u00edtica de cookies - Salago Creative\" \/>\n<meta property=\"og:description\" content=\"AVISO DE COOKIES 01&nbsp;&nbsp;&nbsp;&nbsp;&nbsp; Aviso de cookies Utilizamos cookies (propias y de terceros) para mejorar tu experiencia en nuestra web [&hellip;]\" \/>\n<meta property=\"og:url\" content=\"https:\/\/salago.design\/es\/politica-de-cookies\/\" \/>\n<meta property=\"og:site_name\" content=\"Salago Creative\" \/>\n<meta property=\"article:modified_time\" content=\"2026-03-31T08:18:08+00:00\" \/>\n<meta name=\"twitter:card\" content=\"summary_large_image\" \/>\n<meta name=\"twitter:label1\" content=\"Tiempo de lectura\" \/>\n\t<meta name=\"twitter:data1\" content=\"1 minuto\" \/>\n<script type=\"application\/ld+json\" class=\"yoast-schema-graph\">{\"@context\":\"https:\\\/\\\/schema.org\",\"@graph\":[{\"@type\":\"WebPage\",\"@id\":\"https:\\\/\\\/salago.design\\\/es\\\/politica-de-cookies\\\/\",\"url\":\"https:\\\/\\\/salago.design\\\/es\\\/politica-de-cookies\\\/\",\"name\":\"Pol\u00edtica de cookies - Salago Creative\",\"isPartOf\":{\"@id\":\"https:\\\/\\\/salago.design\\\/es\\\/#website\"},\"datePublished\":\"2026-01-22T09:03:52+00:00\",\"dateModified\":\"2026-03-31T08:18:08+00:00\",\"breadcrumb\":{\"@id\":\"https:\\\/\\\/salago.design\\\/es\\\/politica-de-cookies\\\/#breadcrumb\"},\"inLanguage\":\"es\",\"potentialAction\":[{\"@type\":\"ReadAction\",\"target\":[\"https:\\\/\\\/salago.design\\\/es\\\/politica-de-cookies\\\/\"]}]},{\"@type\":\"BreadcrumbList\",\"@id\":\"https:\\\/\\\/salago.design\\\/es\\\/politica-de-cookies\\\/#breadcrumb\",\"itemListElement\":[{\"@type\":\"ListItem\",\"position\":1,\"name\":\"Portada\",\"item\":\"https:\\\/\\\/salago.design\\\/es\\\/\"},{\"@type\":\"ListItem\",\"position\":2,\"name\":\"Pol\u00edtica de cookies\"}]},{\"@type\":\"WebSite\",\"@id\":\"https:\\\/\\\/salago.design\\\/es\\\/#website\",\"url\":\"https:\\\/\\\/salago.design\\\/es\\\/\",\"name\":\"Salago Creative\",\"description\":\"\",\"publisher\":{\"@id\":\"https:\\\/\\\/salago.design\\\/es\\\/#organization\"},\"potentialAction\":[{\"@type\":\"SearchAction\",\"target\":{\"@type\":\"EntryPoint\",\"urlTemplate\":\"https:\\\/\\\/salago.design\\\/es\\\/?s={search_term_string}\"},\"query-input\":{\"@type\":\"PropertyValueSpecification\",\"valueRequired\":true,\"valueName\":\"search_term_string\"}}],\"inLanguage\":\"es\"},{\"@type\":\"Organization\",\"@id\":\"https:\\\/\\\/salago.design\\\/es\\\/#organization\",\"name\":\"Salago Creative\",\"url\":\"https:\\\/\\\/salago.design\\\/es\\\/\",\"logo\":{\"@type\":\"ImageObject\",\"inLanguage\":\"es\",\"@id\":\"https:\\\/\\\/salago.design\\\/es\\\/#\\\/schema\\\/logo\\\/image\\\/\",\"url\":\"https:\\\/\\\/salago.design\\\/wp-content\\\/uploads\\\/2026\\\/03\\\/salago.png\",\"contentUrl\":\"https:\\\/\\\/salago.design\\\/wp-content\\\/uploads\\\/2026\\\/03\\\/salago.png\",\"width\":1164,\"height\":460,\"caption\":\"Salago Creative\"},\"image\":{\"@id\":\"https:\\\/\\\/salago.design\\\/es\\\/#\\\/schema\\\/logo\\\/image\\\/\"},\"sameAs\":[\"https:\\\/\\\/www.instagram.com\\\/salago.design\",\"https:\\\/\\\/www.linkedin.com\\\/company\\\/salago-design\"]}]}<\/script>\n<!-- \/ Yoast SEO plugin. -->","yoast_head_json":{"title":"Pol\u00edtica de cookies - Salago Creative","robots":{"index":"index","follow":"follow","max-snippet":"max-snippet:-1","max-image-preview":"max-image-preview:large","max-video-preview":"max-video-preview:-1"},"canonical":"https:\/\/salago.design\/es\/politica-de-cookies\/","og_locale":"es_ES","og_type":"article","og_title":"Pol\u00edtica de cookies - Salago Creative","og_description":"AVISO DE COOKIES 01&nbsp;&nbsp;&nbsp;&nbsp;&nbsp; Aviso de cookies Utilizamos cookies (propias y de terceros) para mejorar tu experiencia en nuestra web [&hellip;]","og_url":"https:\/\/salago.design\/es\/politica-de-cookies\/","og_site_name":"Salago Creative","article_modified_time":"2026-03-31T08:18:08+00:00","twitter_card":"summary_large_image","twitter_misc":{"Tiempo de lectura":"1 minuto"},"schema":{"@context":"https:\/\/schema.org","@graph":[{"@type":"WebPage","@id":"https:\/\/salago.design\/es\/politica-de-cookies\/","url":"https:\/\/salago.design\/es\/politica-de-cookies\/","name":"Pol\u00edtica de cookies - Salago Creative","isPartOf":{"@id":"https:\/\/salago.design\/es\/#website"},"datePublished":"2026-01-22T09:03:52+00:00","dateModified":"2026-03-31T08:18:08+00:00","breadcrumb":{"@id":"https:\/\/salago.design\/es\/politica-de-cookies\/#breadcrumb"},"inLanguage":"es","potentialAction":[{"@type":"ReadAction","target":["https:\/\/salago.design\/es\/politica-de-cookies\/"]}]},{"@type":"BreadcrumbList","@id":"https:\/\/salago.design\/es\/politica-de-cookies\/#breadcrumb","itemListElement":[{"@type":"ListItem","position":1,"name":"Portada","item":"https:\/\/salago.design\/es\/"},{"@type":"ListItem","position":2,"name":"Pol\u00edtica de cookies"}]},{"@type":"WebSite","@id":"https:\/\/salago.design\/es\/#website","url":"https:\/\/salago.design\/es\/","name":"Salago Creative","description":"","publisher":{"@id":"https:\/\/salago.design\/es\/#organization"},"potentialAction":[{"@type":"SearchAction","target":{"@type":"EntryPoint","urlTemplate":"https:\/\/salago.design\/es\/?s={search_term_string}"},"query-input":{"@type":"PropertyValueSpecification","valueRequired":true,"valueName":"search_term_string"}}],"inLanguage":"es"},{"@type":"Organization","@id":"https:\/\/salago.design\/es\/#organization","name":"Salago Creative","url":"https:\/\/salago.design\/es\/","logo":{"@type":"ImageObject","inLanguage":"es","@id":"https:\/\/salago.design\/es\/#\/schema\/logo\/image\/","url":"https:\/\/salago.design\/wp-content\/uploads\/2026\/03\/salago.png","contentUrl":"https:\/\/salago.design\/wp-content\/uploads\/2026\/03\/salago.png","width":1164,"height":460,"caption":"Salago Creative"},"image":{"@id":"https:\/\/salago.design\/es\/#\/schema\/logo\/image\/"},"sameAs":["https:\/\/www.instagram.com\/salago.design","https:\/\/www.linkedin.com\/company\/salago-design"]}]}},"_links":{"self":[{"href":"https:\/\/salago.design\/es\/wp-json\/wp\/v2\/pages\/3642","targetHints":{"allow":["GET"]}}],"collection":[{"href":"https:\/\/salago.design\/es\/wp-json\/wp\/v2\/pages"}],"about":[{"href":"https:\/\/salago.design\/es\/wp-json\/wp\/v2\/types\/page"}],"author":[{"embeddable":true,"href":"https:\/\/salago.design\/es\/wp-json\/wp\/v2\/users\/1"}],"replies":[{"embeddable":true,"href":"https:\/\/salago.design\/es\/wp-json\/wp\/v2\/comments?post=3642"}],"version-history":[{"count":2,"href":"https:\/\/salago.design\/es\/wp-json\/wp\/v2\/pages\/3642\/revisions"}],"predecessor-version":[{"id":4519,"href":"https:\/\/salago.design\/es\/wp-json\/wp\/v2\/pages\/3642\/revisions\/4519"}],"wp:attachment":[{"href":"https:\/\/salago.design\/es\/wp-json\/wp\/v2\/media?parent=3642"}],"curies":[{"name":"wp","href":"https:\/\/api.w.org\/{rel}","templated":true}]}}